{"id":1114,"date":"2024-12-11T12:34:16","date_gmt":"2024-12-11T11:34:16","guid":{"rendered":"https:\/\/metal-creator.hr\/vaucer-za-digitalni-marketing-tvrtke-metal-creator-d-o-o\/"},"modified":"2024-12-11T12:34:16","modified_gmt":"2024-12-11T11:34:16","slug":"vaucer-za-digitalni-marketing-tvrtke-metal-creator-d-o-o","status":"publish","type":"page","link":"https:\/\/metal-creator.hr\/en\/vaucer-za-digitalni-marketing-tvrtke-metal-creator-d-o-o\/","title":{"rendered":"Vau\u010der za digitalni marketing tvrtke Metal Creator d.o.o."},"content":{"rendered":"\n<p>(Referentni broj: NPOO.C1.1.2. R3-I2.01)<br><br><strong>Prijavitelj:<\/strong> Metac Creator d.o.o.<br><strong>Kod projekta:<\/strong> NPOO.C1.1.2.R3-I2.01-V2.0434<br><strong>Naziv projekta:<\/strong> Vau\u010der za digitalni marketing tvrtke Metal Creator d.o.o. Pazin<br><\/p>\n\n\n\n<p><strong>Naziv poziva:<\/strong>&nbsp;VAU\u010cERI ZA DIGITALIZACIJU<br>Projektom se \u017eeli postoje\u0107u poslovnu web stranicu www.metal-creator.hr unaprijediti novim funkcionalnostima (prilagodba weba za pregled na razli\u010ditim digitalnim ure\u0111ajima, poveznica na dru\u0161tvene mre\u017ee, integracija kontakt forme). Time se dobiva na preglednosti i upotrebljivosti weba, pobolj\u0161ava se internetska komunikacija i web analitika, \u010dime \u0107e se posti\u0107i ve\u0107a posje\u0107enost i prepoznatljivost web stranice, koja \u0107e biti usmjerena na me\u0111usobnoj interaktivnosti prijavitelja i korisnika. Time \u0107e se pove\u0107ati vidljivost poslovne web stranice, \u010dime \u0107e se pove\u0107ati zadovoljstvo korisnika, a sukladno tome i pove\u0107ati prihodi Metal Creator d.o.o. Pazin.<br><br><strong>Ukupna vrijednost projekta: &nbsp;&nbsp;6.875,00 EUR<br>Iznos prihvatljivih tro\u0161kova : &nbsp;&nbsp;5.500,00&nbsp;EUR<\/strong><br><strong>Intenzitet potpore 60% prihvatljivih tro\u0161kova projekta: &nbsp;3.300,00 EUR&nbsp;(de minimis potpora)<\/strong><\/p>\n\n\n\n<figure class=\"wp-block-image size-full is-resized\"><img loading=\"lazy\" decoding=\"async\" width=\"1020\" height=\"245\" src=\"https:\/\/metal-creator.hr\/wp-content\/uploads\/2024\/12\/eu-logo.png\" alt=\"\" class=\"wp-image-894\" style=\"width:320px\" srcset=\"https:\/\/metal-creator.hr\/wp-content\/uploads\/2024\/12\/eu-logo.png 1020w, https:\/\/metal-creator.hr\/wp-content\/uploads\/2024\/12\/eu-logo-300x72.png 300w, https:\/\/metal-creator.hr\/wp-content\/uploads\/2024\/12\/eu-logo-768x184.png 768w\" sizes=\"auto, (max-width: 1020px) 100vw, 1020px\" \/><\/figure>\n\n\n\n<p>Financira Europska unija \u2013 NextGenerationEU. Izneseni stavovi i mi\u0161ljenja samo su autorova i ne<br>odra\u017eavaju nu\u017eno slu\u017ebena stajali\u0161ta Europske unije ili Europske komisije. Ni Europska unija ni<br>Europska komisija ne mogu se smatrati odgovornima za njih.<\/p>\n\n\n\n<p><\/p>\n","protected":false},"excerpt":{"rendered":"<p>(Referentni broj: NPOO.C1.1.2. R3-I2.01) Prijavitelj: Metac Creator d.o.o.Kod projekta: NPOO.C1.1.2.R3-I2.01-V2.0434Naziv projekta: Vau\u010der za digitalni marketing tvrtke Metal Creator d.o.o. Pazin Naziv poziva:&nbsp;VAU\u010cERI ZA DIGITALIZACIJUProjektom se \u017eeli postoje\u0107u poslovnu web stranicu www.metal-creator.hr unaprijediti novim funkcionalnostima (prilagodba weba za pregled na razli\u010ditim digitalnim ure\u0111ajima, poveznica na dru\u0161tvene mre\u017ee, integracija kontakt forme). Time se dobiva na preglednosti i [&hellip;]<\/p>\n","protected":false},"author":1,"featured_media":0,"parent":0,"menu_order":0,"comment_status":"closed","ping_status":"closed","template":"","meta":{"_acf_changed":false,"inline_featured_image":false,"footnotes":""},"class_list":["post-1114","page","type-page","status-publish","hentry"],"acf":[],"yoast_head":"<!-- This site is optimized with the Yoast SEO plugin v24.5 - https:\/\/yoast.com\/wordpress\/plugins\/seo\/ -->\n<title>Vau\u010der za digitalni marketing tvrtke Metal Creator d.o.o. - Metal Creator<\/title>\n<meta name=\"robots\" content=\"index, follow, max-snippet:-1, max-image-preview:large, max-video-preview:-1\" \/>\n<link rel=\"canonical\" href=\"https:\/\/metal-creator.hr\/en\/vaucer-za-digitalni-marketing-tvrtke-metal-creator-d-o-o\/\" \/>\n<meta property=\"og:locale\" content=\"en_US\" \/>\n<meta property=\"og:type\" content=\"article\" \/>\n<meta property=\"og:title\" content=\"Vau\u010der za digitalni marketing tvrtke Metal Creator d.o.o. - Metal Creator\" \/>\n<meta property=\"og:description\" content=\"(Referentni broj: NPOO.C1.1.2. R3-I2.01) Prijavitelj: Metac Creator d.o.o.Kod projekta: NPOO.C1.1.2.R3-I2.01-V2.0434Naziv projekta: Vau\u010der za digitalni marketing tvrtke Metal Creator d.o.o. Pazin Naziv poziva:&nbsp;VAU\u010cERI ZA DIGITALIZACIJUProjektom se \u017eeli postoje\u0107u poslovnu web stranicu www.metal-creator.hr unaprijediti novim funkcionalnostima (prilagodba weba za pregled na razli\u010ditim digitalnim ure\u0111ajima, poveznica na dru\u0161tvene mre\u017ee, integracija kontakt forme). Time se dobiva na preglednosti i [&hellip;]\" \/>\n<meta property=\"og:url\" content=\"https:\/\/metal-creator.hr\/en\/vaucer-za-digitalni-marketing-tvrtke-metal-creator-d-o-o\/\" \/>\n<meta property=\"og:site_name\" content=\"Metal Creator\" \/>\n<meta property=\"article:publisher\" content=\"https:\/\/web.facebook.com\/metalcreator\/\" \/>\n<meta property=\"og:image\" content=\"https:\/\/metal-creator.hr\/wp-content\/uploads\/2024\/12\/eu-logo.png\" \/>\n\t<meta property=\"og:image:width\" content=\"1020\" \/>\n\t<meta property=\"og:image:height\" content=\"245\" \/>\n\t<meta property=\"og:image:type\" content=\"image\/png\" \/>\n<meta name=\"twitter:card\" content=\"summary_large_image\" \/>\n<meta name=\"twitter:label1\" content=\"Est. reading time\" \/>\n\t<meta name=\"twitter:data1\" content=\"1 minute\" \/>\n<script type=\"application\/ld+json\" class=\"yoast-schema-graph\">{\"@context\":\"https:\/\/schema.org\",\"@graph\":[{\"@type\":\"WebPage\",\"@id\":\"https:\/\/metal-creator.hr\/en\/vaucer-za-digitalni-marketing-tvrtke-metal-creator-d-o-o\/\",\"url\":\"https:\/\/metal-creator.hr\/en\/vaucer-za-digitalni-marketing-tvrtke-metal-creator-d-o-o\/\",\"name\":\"Vau\u010der za digitalni marketing tvrtke Metal Creator d.o.o. - Metal Creator\",\"isPartOf\":{\"@id\":\"https:\/\/metal-creator.hr\/#website\"},\"primaryImageOfPage\":{\"@id\":\"https:\/\/metal-creator.hr\/en\/vaucer-za-digitalni-marketing-tvrtke-metal-creator-d-o-o\/#primaryimage\"},\"image\":{\"@id\":\"https:\/\/metal-creator.hr\/en\/vaucer-za-digitalni-marketing-tvrtke-metal-creator-d-o-o\/#primaryimage\"},\"thumbnailUrl\":\"https:\/\/metal-creator.hr\/wp-content\/uploads\/2024\/12\/eu-logo.png\",\"datePublished\":\"2024-12-11T11:34:16+00:00\",\"breadcrumb\":{\"@id\":\"https:\/\/metal-creator.hr\/en\/vaucer-za-digitalni-marketing-tvrtke-metal-creator-d-o-o\/#breadcrumb\"},\"inLanguage\":\"en-US\",\"potentialAction\":[{\"@type\":\"ReadAction\",\"target\":[\"https:\/\/metal-creator.hr\/en\/vaucer-za-digitalni-marketing-tvrtke-metal-creator-d-o-o\/\"]}]},{\"@type\":\"ImageObject\",\"inLanguage\":\"en-US\",\"@id\":\"https:\/\/metal-creator.hr\/en\/vaucer-za-digitalni-marketing-tvrtke-metal-creator-d-o-o\/#primaryimage\",\"url\":\"https:\/\/metal-creator.hr\/wp-content\/uploads\/2024\/12\/eu-logo.png\",\"contentUrl\":\"https:\/\/metal-creator.hr\/wp-content\/uploads\/2024\/12\/eu-logo.png\"},{\"@type\":\"BreadcrumbList\",\"@id\":\"https:\/\/metal-creator.hr\/en\/vaucer-za-digitalni-marketing-tvrtke-metal-creator-d-o-o\/#breadcrumb\",\"itemListElement\":[{\"@type\":\"ListItem\",\"position\":1,\"name\":\"Home\",\"item\":\"https:\/\/metal-creator.hr\/en\/\"},{\"@type\":\"ListItem\",\"position\":2,\"name\":\"Vau\u010der za digitalni marketing tvrtke Metal Creator d.o.o.\"}]},{\"@type\":\"WebSite\",\"@id\":\"https:\/\/metal-creator.hr\/#website\",\"url\":\"https:\/\/metal-creator.hr\/\",\"name\":\"Metal Creator\",\"description\":\"Biopergole i \u010deli\u010dna stolarija\",\"publisher\":{\"@id\":\"https:\/\/metal-creator.hr\/#organization\"},\"potentialAction\":[{\"@type\":\"SearchAction\",\"target\":{\"@type\":\"EntryPoint\",\"urlTemplate\":\"https:\/\/metal-creator.hr\/?s={search_term_string}\"},\"query-input\":{\"@type\":\"PropertyValueSpecification\",\"valueRequired\":true,\"valueName\":\"search_term_string\"}}],\"inLanguage\":\"en-US\"},{\"@type\":\"Organization\",\"@id\":\"https:\/\/metal-creator.hr\/#organization\",\"name\":\"Metal Creator\",\"url\":\"https:\/\/metal-creator.hr\/\",\"logo\":{\"@type\":\"ImageObject\",\"inLanguage\":\"en-US\",\"@id\":\"https:\/\/metal-creator.hr\/#\/schema\/logo\/image\/\",\"url\":\"https:\/\/metal-creator.hr\/wp-content\/uploads\/2024\/05\/MetalCreatorLogo.svg\",\"contentUrl\":\"https:\/\/metal-creator.hr\/wp-content\/uploads\/2024\/05\/MetalCreatorLogo.svg\",\"width\":16054,\"height\":5665,\"caption\":\"Metal Creator\"},\"image\":{\"@id\":\"https:\/\/metal-creator.hr\/#\/schema\/logo\/image\/\"},\"sameAs\":[\"https:\/\/web.facebook.com\/metalcreator\/\",\"https:\/\/youtu.be\/jfylS3K-CV4?si=yd_cw-9z9xhotax4\",\"https:\/\/www.instagram.com\/metalcreator_mc\"]}]}<\/script>\n<!-- \/ Yoast SEO plugin. -->","yoast_head_json":{"title":"Vau\u010der za digitalni marketing tvrtke Metal Creator d.o.o. - Metal Creator","robots":{"index":"index","follow":"follow","max-snippet":"max-snippet:-1","max-image-preview":"max-image-preview:large","max-video-preview":"max-video-preview:-1"},"canonical":"https:\/\/metal-creator.hr\/en\/vaucer-za-digitalni-marketing-tvrtke-metal-creator-d-o-o\/","og_locale":"en_US","og_type":"article","og_title":"Vau\u010der za digitalni marketing tvrtke Metal Creator d.o.o. - Metal Creator","og_description":"(Referentni broj: NPOO.C1.1.2. R3-I2.01) Prijavitelj: Metac Creator d.o.o.Kod projekta: NPOO.C1.1.2.R3-I2.01-V2.0434Naziv projekta: Vau\u010der za digitalni marketing tvrtke Metal Creator d.o.o. Pazin Naziv poziva:&nbsp;VAU\u010cERI ZA DIGITALIZACIJUProjektom se \u017eeli postoje\u0107u poslovnu web stranicu www.metal-creator.hr unaprijediti novim funkcionalnostima (prilagodba weba za pregled na razli\u010ditim digitalnim ure\u0111ajima, poveznica na dru\u0161tvene mre\u017ee, integracija kontakt forme). Time se dobiva na preglednosti i [&hellip;]","og_url":"https:\/\/metal-creator.hr\/en\/vaucer-za-digitalni-marketing-tvrtke-metal-creator-d-o-o\/","og_site_name":"Metal Creator","article_publisher":"https:\/\/web.facebook.com\/metalcreator\/","og_image":[{"width":1020,"height":245,"url":"https:\/\/metal-creator.hr\/wp-content\/uploads\/2024\/12\/eu-logo.png","type":"image\/png"}],"twitter_card":"summary_large_image","twitter_misc":{"Est. reading time":"1 minute"},"schema":{"@context":"https:\/\/schema.org","@graph":[{"@type":"WebPage","@id":"https:\/\/metal-creator.hr\/en\/vaucer-za-digitalni-marketing-tvrtke-metal-creator-d-o-o\/","url":"https:\/\/metal-creator.hr\/en\/vaucer-za-digitalni-marketing-tvrtke-metal-creator-d-o-o\/","name":"Vau\u010der za digitalni marketing tvrtke Metal Creator d.o.o. - Metal Creator","isPartOf":{"@id":"https:\/\/metal-creator.hr\/#website"},"primaryImageOfPage":{"@id":"https:\/\/metal-creator.hr\/en\/vaucer-za-digitalni-marketing-tvrtke-metal-creator-d-o-o\/#primaryimage"},"image":{"@id":"https:\/\/metal-creator.hr\/en\/vaucer-za-digitalni-marketing-tvrtke-metal-creator-d-o-o\/#primaryimage"},"thumbnailUrl":"https:\/\/metal-creator.hr\/wp-content\/uploads\/2024\/12\/eu-logo.png","datePublished":"2024-12-11T11:34:16+00:00","breadcrumb":{"@id":"https:\/\/metal-creator.hr\/en\/vaucer-za-digitalni-marketing-tvrtke-metal-creator-d-o-o\/#breadcrumb"},"inLanguage":"en-US","potentialAction":[{"@type":"ReadAction","target":["https:\/\/metal-creator.hr\/en\/vaucer-za-digitalni-marketing-tvrtke-metal-creator-d-o-o\/"]}]},{"@type":"ImageObject","inLanguage":"en-US","@id":"https:\/\/metal-creator.hr\/en\/vaucer-za-digitalni-marketing-tvrtke-metal-creator-d-o-o\/#primaryimage","url":"https:\/\/metal-creator.hr\/wp-content\/uploads\/2024\/12\/eu-logo.png","contentUrl":"https:\/\/metal-creator.hr\/wp-content\/uploads\/2024\/12\/eu-logo.png"},{"@type":"BreadcrumbList","@id":"https:\/\/metal-creator.hr\/en\/vaucer-za-digitalni-marketing-tvrtke-metal-creator-d-o-o\/#breadcrumb","itemListElement":[{"@type":"ListItem","position":1,"name":"Home","item":"https:\/\/metal-creator.hr\/en\/"},{"@type":"ListItem","position":2,"name":"Vau\u010der za digitalni marketing tvrtke Metal Creator d.o.o."}]},{"@type":"WebSite","@id":"https:\/\/metal-creator.hr\/#website","url":"https:\/\/metal-creator.hr\/","name":"Metal Creator","description":"Biopergole i \u010deli\u010dna stolarija","publisher":{"@id":"https:\/\/metal-creator.hr\/#organization"},"potentialAction":[{"@type":"SearchAction","target":{"@type":"EntryPoint","urlTemplate":"https:\/\/metal-creator.hr\/?s={search_term_string}"},"query-input":{"@type":"PropertyValueSpecification","valueRequired":true,"valueName":"search_term_string"}}],"inLanguage":"en-US"},{"@type":"Organization","@id":"https:\/\/metal-creator.hr\/#organization","name":"Metal Creator","url":"https:\/\/metal-creator.hr\/","logo":{"@type":"ImageObject","inLanguage":"en-US","@id":"https:\/\/metal-creator.hr\/#\/schema\/logo\/image\/","url":"https:\/\/metal-creator.hr\/wp-content\/uploads\/2024\/05\/MetalCreatorLogo.svg","contentUrl":"https:\/\/metal-creator.hr\/wp-content\/uploads\/2024\/05\/MetalCreatorLogo.svg","width":16054,"height":5665,"caption":"Metal Creator"},"image":{"@id":"https:\/\/metal-creator.hr\/#\/schema\/logo\/image\/"},"sameAs":["https:\/\/web.facebook.com\/metalcreator\/","https:\/\/youtu.be\/jfylS3K-CV4?si=yd_cw-9z9xhotax4","https:\/\/www.instagram.com\/metalcreator_mc"]}]}},"_links":{"self":[{"href":"https:\/\/metal-creator.hr\/en\/wp-json\/wp\/v2\/pages\/1114","targetHints":{"allow":["GET"]}}],"collection":[{"href":"https:\/\/metal-creator.hr\/en\/wp-json\/wp\/v2\/pages"}],"about":[{"href":"https:\/\/metal-creator.hr\/en\/wp-json\/wp\/v2\/types\/page"}],"author":[{"embeddable":true,"href":"https:\/\/metal-creator.hr\/en\/wp-json\/wp\/v2\/users\/1"}],"replies":[{"embeddable":true,"href":"https:\/\/metal-creator.hr\/en\/wp-json\/wp\/v2\/comments?post=1114"}],"version-history":[{"count":0,"href":"https:\/\/metal-creator.hr\/en\/wp-json\/wp\/v2\/pages\/1114\/revisions"}],"wp:attachment":[{"href":"https:\/\/metal-creator.hr\/en\/wp-json\/wp\/v2\/media?parent=1114"}],"curies":[{"name":"wp","href":"https:\/\/api.w.org\/{rel}","templated":true}]}}