{"id":1101,"date":"2024-05-18T01:58:47","date_gmt":"2024-05-17T23:58:47","guid":{"rendered":"https:\/\/metal-creator.hr\/o-nama\/"},"modified":"2025-08-22T14:01:58","modified_gmt":"2025-08-22T12:01:58","slug":"about-us","status":"publish","type":"page","link":"https:\/\/metal-creator.hr\/en\/about-us\/","title":{"rendered":"About Us"},"content":{"rendered":"\t\t\n    <section class=\"section-page-intro white\">\n        <picture>\n            <source srcset=\"https:\/\/metal-creator.hr\/wp-content\/uploads\/2024\/05\/Zimski-vrt.jpg\" media=\"(min-width: 1024px)\">\n            <img loading=\"lazy\" decoding=\"async\" src=\"https:\/\/metal-creator.hr\/wp-content\/uploads\/2024\/05\/Drehtur-1_horizontal_small.jpg\" alt=\"\" width=\"1920\"\n                 height=\"1280\">\n        <\/picture>\n        <div class=\"section-page-intro-wrapper container\">\n            <h1 class=\"scroll-effect se-bottom\">O nama<\/h1>\n        <\/div>\n    <\/section>\n\n\n    <section class=\"section-about-extended\">\n        <div class=\"section-about-extended-wrapper container\">\n            <div class=\"section-about-extended-image scroll-effect se-left\">\n\t\t\t\t            <\/div>\n            <div class=\"scroll-effect se-left\">\n                <h2>Metal Creator d.o.o.<\/h2>\n                <div><p>Mi smo Metal Creator. Specijalizirana tvrtka koja se bavi izradom visokokvalitetne \u010deli\u010dne stolarije i bravarije za stambene, poslovne i industrijske objekte. Na\u0161 tim stru\u010dnjaka ima dugogodi\u0161nje iskustvo u obradi metala, te primjenjujemo najmodernije tehnike i materijale kako bismo zadovoljili potrebe na\u0161ih klijenata. Ponosimo se precizno\u0161\u0107u izrade, funkcionalno\u0161\u0107u i estetikom na\u0161ih proizvoda, osiguravaju\u0107i rje\u0161enja koja traju i podnose najte\u017ee uvjete.<\/p>\n<\/div>\n            <\/div>\n\n\t\t\t                <div class=\"section-about-extended-boxes\">\n\t\t\t\t\t                        <div class=\"section-about-extended-box scroll-effect se-left\">\n                            <img loading=\"lazy\" decoding=\"async\" src=\"https:\/\/metal-creator.hr\/wp-content\/themes\/metal-creator\/icons\/home.svg\"\n                                 alt=\"Metal Creator home\" width=\"40\" height=\"40\">\n\t\t\t\t\t\t\t<h3>Vizija<\/h3>\t\t\t\t\t\t\t<p>Na\u0161a vizija je biti inspiracija i lider u industriji \u010deli\u010dne stolarije i bravarije, stvaraju\u0107i rje\u0161enja koja povezuju snagu, ljepotu i funkcionalnost. \u017delimo graditi svijet u kojem kvaliteta nije luksuz, ve\u0107 standard, a svaki projekt prilika da ostavimo trag izvrsnosti.<\/p>\t\t\t\t\t\t\t                        <\/div>\n\t\t\t\t\t                        <div class=\"section-about-extended-box scroll-effect se-left\">\n                            <img loading=\"lazy\" decoding=\"async\" src=\"https:\/\/metal-creator.hr\/wp-content\/themes\/metal-creator\/icons\/target.svg\"\n                                 alt=\"Metal Creator target\" width=\"40\" height=\"40\">\n\t\t\t\t\t\t\t<h3>Na\u0161a misija<\/h3>\t\t\t\t\t\t\t<p>Na\u0161a misija je stvarati s razlogom \u2013 sa stra\u0161\u0107u, precizno\u0161\u0107u i vizijom koja nadilazi o\u010dekivanja. Ne proizvodimo samo metalne konstrukcije \u2013 mi stvaramo pouzdanje, sigurnost i estetiku koja traje. Svaki zavaren spoj, svaki precizno izra\u0111en detalj odraz je na\u0161eg uvjerenja da izvrsnost dolazi iz predanosti. Kroz stalna ulaganja u ljude, tehnologiju i ideje, gradimo ne samo proizvode \u2013 ve\u0107 odnose, reputaciju i budu\u0107nost koju vrijedi kovati.<\/p>\t\t\t\t\t\t\t<a  href=\"#\"><\/a>                        <\/div>\n\t\t\t\t\t                        <div class=\"section-about-extended-box scroll-effect se-left\">\n                            <img loading=\"lazy\" decoding=\"async\" src=\"https:\/\/metal-creator.hr\/wp-content\/themes\/metal-creator\/icons\/award.svg\"\n                                 alt=\"Metal Creator award\" width=\"40\" height=\"40\">\n\t\t\t\t\t\t\t<h3>Vrhunski proizvodi<\/h3>\t\t\t\t\t\t\t<p>Na\u0161i proizvodi obuhva\u0107aju \u0161irok spektar \u010deli\u010dnih prozora i vrata, izra\u0111enih po najvi\u0161im standardima kvalitete i preciznosti. Svaki proizvod dizajniran je kako bi pru\u017eio maksimalnu funkcionalnost, dugovje\u010dnost i estetsku vrijednost, prilago\u0111en potrebama na\u0161ih klijenata.<\/p>\t\t\t\t\t\t\t<a  href=\"https:\/\/metal-creator.hr\/\">Pogledaj ponudu<\/a>                        <\/div>\n\t\t\t\t\t                <\/div>\n\t\t\t        <\/div>\n    <\/section>\n\n\n    <section class=\"section-text-columns\">\n        <div class=\"section-text-columns-wrapper container\">\n            <h2 class=\"scroll-effect se-bottom\">Metal Creator Pazin &#8211; vode\u0107a tvrtka u izradi \u010deli\u010dnih prozora i vrata, biopergola po mjeri<\/h2>\n            <div class=\"section-text-columns-grid\">\n                <div class=\"section-text-columns-box scroll-effect se-bottom\">\n\t\t\t\t\t<p>Mi u Metal Creatoru se ponosimo time \u0161to su na\u0161i proizvodi u potpunosti hrvatski, izra\u0111eni doma\u0107im znanjem i stru\u010dno\u0161\u0107u. Svaki projekt koji realiziramo temelji se na primjeni najnovijih tehni\u010dkih i softverskih alata, \u0161to osigurava vrhunsku preciznost i kvalitetu. Na\u0161a proizvodnja uklju\u010duje moderne metode obrade metala, prilago\u0111ene specifi\u010dnim zahtjevima svakog klijenta.<\/p>\n<p>Kombiniraju\u0107i tradiciju hrvatske industrije s najnovijim tehnologijama, na\u0161i proizvodi ne samo da zadovoljavaju, nego \u010desto i nadma\u0161uju europske standarde. U procesu izrade koristimo napredne CAD\/CAM softvere kao i CNC kompjuterizirane strojeve koji omogu\u0107uju precizno planiranje i izvedbu. Osim tehni\u010dke izvrsnosti, posebnu pa\u017enju posve\u0107ujemo estetici i funkcionalnosti svakog elementa.<\/p>\n                <\/div>\n                <div class=\"section-text-columns-box scroll-effect se-bottom\">\n\t\t\t\t\t<p>Ponosni smo na to \u0161to doprinosimo doma\u0107oj proizvodnji i podi\u017eemo standarde u metalnoj industriji. Svaki proizvod izra\u0111en je s namjerom da traje, pru\u017eaju\u0107i dugoro\u010dna i odr\u017eiva rje\u0161enja za na\u0161e klijente. Na\u0161e hrvatsko znanje i me\u0111unarodno iskustvo, zajedno s modernim tehnologijama, omogu\u0107uju nam isporuku proizvoda vrhunske kvalitete.<\/p>\n                <\/div>\n            <\/div>\n        <\/div>\n    <\/section>\n\n\n    <section class=\"section-carousel white\">\n        <div class=\"section-carousel-wrapper container scroll-effect se-bottom\">\n            <h2><span>Upoznajte na\u0161e klijente<\/span><\/h2>\n\t\t\t                <div class=\"section-carousel-owl owl-carousel\">\n\t\t\t\t\t                        <div class=\"section-carousel-item\">\n                            <img class=\"owl-lazy\" data-src=\"https:\/\/metal-creator.hr\/wp-content\/uploads\/2024\/05\/Metal-Creator.svg\"\n                                 alt=\"\"  title=\"\"\n                                 width=\"159\"\n                                 height=\"\">\n                        <\/div>\n\t\t\t\t\t                        <div class=\"section-carousel-item\">\n                            <img class=\"owl-lazy\" data-src=\"https:\/\/metal-creator.hr\/wp-content\/uploads\/2024\/05\/stall_9921628.png\"\n                                 alt=\"\"  title=\"\"\n                                 width=\"75\"\n                                 height=\"\">\n                        <\/div>\n\t\t\t\t\t                        <div class=\"section-carousel-item\">\n                            <img class=\"owl-lazy\" data-src=\"https:\/\/metal-creator.hr\/wp-content\/uploads\/2024\/05\/Metal-Creator.svg\"\n                                 alt=\"\"  title=\"\"\n                                 width=\"159\"\n                                 height=\"\">\n                        <\/div>\n\t\t\t\t\t                        <div class=\"section-carousel-item\">\n                            <img class=\"owl-lazy\" data-src=\"https:\/\/metal-creator.hr\/wp-content\/uploads\/2024\/05\/MetalCreatorLogo.svg\"\n                                 alt=\"\"  title=\"\"\n                                 width=\"16054\"\n                                 height=\"\">\n                        <\/div>\n\t\t\t\t\t                <\/div>\n\t\t\t            <h2 class=\"hidden\"><span>Upoznajte na\u0161e klijente<\/span><\/h2>\n        <\/div>\n    <\/section>\n\n\n    <section class=\"section-about-us\">\n        <div class=\"section-about-us-wrapper container\">\n            <div class=\"section-about-us-block\">\n                <h2 class=\"scroll-effect se-bottom\"><\/h2>\n                <div class=\"scroll-effect se-bottom\"><\/div>\n            <\/div>\n            <div class=\"section-about-us-block\">\n\t\t\t\t                    <ul>\n\t\t\t\t\t\t                            <li class=\"scroll-effect se-right\">\n                                <div class=\"icon\">\n\t\t\t\t\t\t\t\t\t\t\t\t\t\t\t\t\t\t<svg width=\"24\" height=\"24\" viewBox=\"0 0 24 24\" fill=\"none\" xmlns=\"http:\/\/www.w3.org\/2000\/svg\">\n<path d=\"M17 21V19C17 17.9391 16.5786 16.9217 15.8284 16.1716C15.0783 15.4214 14.0609 15 13 15H5C3.93913 15 2.92172 15.4214 2.17157 16.1716C1.42143 16.9217 1 17.9391 1 19V21M23 21V19C22.9993 18.1137 22.7044 17.2528 22.1614 16.5523C21.6184 15.8519 20.8581 15.3516 20 15.13M16 3.13C16.8604 3.3503 17.623 3.8507 18.1676 4.55231C18.7122 5.25392 19.0078 6.11683 19.0078 7.005C19.0078 7.89317 18.7122 8.75608 18.1676 9.45769C17.623 10.1593 16.8604 10.6597 16 10.88M13 7C13 9.20914 11.2091 11 9 11C6.79086 11 5 9.20914 5 7C5 4.79086 6.79086 3 9 3C11.2091 3 13 4.79086 13 7Z\" stroke=\"#000000\" stroke-width=\"2\" stroke-linecap=\"round\" stroke-linejoin=\"round\"\/>\n<\/svg>\n                                <\/div>\n                                <h3>2000+<\/h3>\n\t\t\t\t\t\t\t\t<p>Zadovoljnih korisnika<\/p>\n                            <\/li>\n\t\t\t\t\t\t                            <li class=\"scroll-effect se-right\">\n                                <div class=\"icon\">\n\t\t\t\t\t\t\t\t\t\t\t\t\t\t\t\t\t\t<svg width=\"24\" height=\"24\" viewBox=\"0 0 24 24\" fill=\"none\" xmlns=\"http:\/\/www.w3.org\/2000\/svg\">\n<path d=\"M23 6L13.5 15.5L8.5 10.5L1 18M23 6H17M23 6V12\" stroke=\"#000000\" stroke-width=\"2\" stroke-linecap=\"round\" stroke-linejoin=\"round\"\/>\n<\/svg>\n                                <\/div>\n                                <h3>Da<\/h3>\n\t\t\t\t\t\t\t\t<p>Kontinuirani rast<\/p>\n                            <\/li>\n\t\t\t\t\t\t                            <li class=\"scroll-effect se-right\">\n                                <div class=\"icon\">\n\t\t\t\t\t\t\t\t\t\t\t\t\t\t\t\t\t\t<svg width=\"24\" height=\"24\" viewBox=\"0 0 24 24\" fill=\"none\" xmlns=\"http:\/\/www.w3.org\/2000\/svg\">\n<path d=\"M5 15H4C3.46957 15 2.96086 14.7893 2.58579 14.4142C2.21071 14.0391 2 13.5304 2 13V4C2 3.46957 2.21071 2.96086 2.58579 2.58579C2.96086 2.21071 3.46957 2 4 2H13C13.5304 2 14.0391 2.21071 14.4142 2.58579C14.7893 2.96086 15 3.46957 15 4V5M11 9H20C21.1046 9 22 9.89543 22 11V20C22 21.1046 21.1046 22 20 22H11C9.89543 22 9 21.1046 9 20V11C9 9.89543 9.89543 9 11 9Z\" stroke=\"#000000\" stroke-width=\"2\" stroke-linecap=\"round\" stroke-linejoin=\"round\"\/>\n<\/svg>\n                                <\/div>\n                                <h3>\u0160irok asortiman<\/h3>\n\t\t\t\t\t\t\t\t<p>Samo je masta nasa granica<\/p>\n                            <\/li>\n\t\t\t\t\t\t                    <\/ul>\n\t\t\t\t            <\/div>\n        <\/div>\n    <\/section>\n","protected":false},"excerpt":{"rendered":"","protected":false},"author":1,"featured_media":0,"parent":0,"menu_order":0,"comment_status":"closed","ping_status":"closed","template":"templates\/page-wide.php","meta":{"_acf_changed":false,"inline_featured_image":false,"footnotes":""},"class_list":["post-1101","page","type-page","status-publish","hentry"],"acf":[],"yoast_head":"<!-- This site is optimized with the Yoast SEO plugin v24.5 - https:\/\/yoast.com\/wordpress\/plugins\/seo\/ -->\n<title>About Us - Metal Creator<\/title>\n<meta name=\"robots\" content=\"index, follow, max-snippet:-1, max-image-preview:large, max-video-preview:-1\" \/>\n<link rel=\"canonical\" href=\"https:\/\/metal-creator.hr\/en\/about-us\/\" \/>\n<meta property=\"og:locale\" content=\"en_US\" \/>\n<meta property=\"og:type\" content=\"article\" \/>\n<meta property=\"og:title\" content=\"About Us - Metal Creator\" \/>\n<meta property=\"og:url\" content=\"https:\/\/metal-creator.hr\/en\/about-us\/\" \/>\n<meta property=\"og:site_name\" content=\"Metal Creator\" \/>\n<meta property=\"article:publisher\" content=\"https:\/\/web.facebook.com\/metalcreator\/\" \/>\n<meta property=\"article:modified_time\" content=\"2025-08-22T12:01:58+00:00\" \/>\n<meta name=\"twitter:card\" content=\"summary_large_image\" \/>\n<script type=\"application\/ld+json\" class=\"yoast-schema-graph\">{\"@context\":\"https:\/\/schema.org\",\"@graph\":[{\"@type\":\"WebPage\",\"@id\":\"https:\/\/metal-creator.hr\/en\/about-us\/\",\"url\":\"https:\/\/metal-creator.hr\/en\/about-us\/\",\"name\":\"About Us - Metal Creator\",\"isPartOf\":{\"@id\":\"https:\/\/metal-creator.hr\/#website\"},\"datePublished\":\"2024-05-17T23:58:47+00:00\",\"dateModified\":\"2025-08-22T12:01:58+00:00\",\"breadcrumb\":{\"@id\":\"https:\/\/metal-creator.hr\/en\/about-us\/#breadcrumb\"},\"inLanguage\":\"en-US\",\"potentialAction\":[{\"@type\":\"ReadAction\",\"target\":[\"https:\/\/metal-creator.hr\/en\/about-us\/\"]}]},{\"@type\":\"BreadcrumbList\",\"@id\":\"https:\/\/metal-creator.hr\/en\/about-us\/#breadcrumb\",\"itemListElement\":[{\"@type\":\"ListItem\",\"position\":1,\"name\":\"Home\",\"item\":\"https:\/\/metal-creator.hr\/en\/\"},{\"@type\":\"ListItem\",\"position\":2,\"name\":\"About Us\"}]},{\"@type\":\"WebSite\",\"@id\":\"https:\/\/metal-creator.hr\/#website\",\"url\":\"https:\/\/metal-creator.hr\/\",\"name\":\"Metal Creator\",\"description\":\"Biopergole i \u010deli\u010dna stolarija\",\"publisher\":{\"@id\":\"https:\/\/metal-creator.hr\/#organization\"},\"potentialAction\":[{\"@type\":\"SearchAction\",\"target\":{\"@type\":\"EntryPoint\",\"urlTemplate\":\"https:\/\/metal-creator.hr\/?s={search_term_string}\"},\"query-input\":{\"@type\":\"PropertyValueSpecification\",\"valueRequired\":true,\"valueName\":\"search_term_string\"}}],\"inLanguage\":\"en-US\"},{\"@type\":\"Organization\",\"@id\":\"https:\/\/metal-creator.hr\/#organization\",\"name\":\"Metal Creator\",\"url\":\"https:\/\/metal-creator.hr\/\",\"logo\":{\"@type\":\"ImageObject\",\"inLanguage\":\"en-US\",\"@id\":\"https:\/\/metal-creator.hr\/#\/schema\/logo\/image\/\",\"url\":\"https:\/\/metal-creator.hr\/wp-content\/uploads\/2024\/05\/MetalCreatorLogo.svg\",\"contentUrl\":\"https:\/\/metal-creator.hr\/wp-content\/uploads\/2024\/05\/MetalCreatorLogo.svg\",\"width\":16054,\"height\":5665,\"caption\":\"Metal Creator\"},\"image\":{\"@id\":\"https:\/\/metal-creator.hr\/#\/schema\/logo\/image\/\"},\"sameAs\":[\"https:\/\/web.facebook.com\/metalcreator\/\",\"https:\/\/youtu.be\/jfylS3K-CV4?si=yd_cw-9z9xhotax4\",\"https:\/\/www.instagram.com\/metalcreator_mc\"]}]}<\/script>\n<!-- \/ Yoast SEO plugin. -->","yoast_head_json":{"title":"About Us - Metal Creator","robots":{"index":"index","follow":"follow","max-snippet":"max-snippet:-1","max-image-preview":"max-image-preview:large","max-video-preview":"max-video-preview:-1"},"canonical":"https:\/\/metal-creator.hr\/en\/about-us\/","og_locale":"en_US","og_type":"article","og_title":"About Us - Metal Creator","og_url":"https:\/\/metal-creator.hr\/en\/about-us\/","og_site_name":"Metal Creator","article_publisher":"https:\/\/web.facebook.com\/metalcreator\/","article_modified_time":"2025-08-22T12:01:58+00:00","twitter_card":"summary_large_image","schema":{"@context":"https:\/\/schema.org","@graph":[{"@type":"WebPage","@id":"https:\/\/metal-creator.hr\/en\/about-us\/","url":"https:\/\/metal-creator.hr\/en\/about-us\/","name":"About Us - Metal Creator","isPartOf":{"@id":"https:\/\/metal-creator.hr\/#website"},"datePublished":"2024-05-17T23:58:47+00:00","dateModified":"2025-08-22T12:01:58+00:00","breadcrumb":{"@id":"https:\/\/metal-creator.hr\/en\/about-us\/#breadcrumb"},"inLanguage":"en-US","potentialAction":[{"@type":"ReadAction","target":["https:\/\/metal-creator.hr\/en\/about-us\/"]}]},{"@type":"BreadcrumbList","@id":"https:\/\/metal-creator.hr\/en\/about-us\/#breadcrumb","itemListElement":[{"@type":"ListItem","position":1,"name":"Home","item":"https:\/\/metal-creator.hr\/en\/"},{"@type":"ListItem","position":2,"name":"About Us"}]},{"@type":"WebSite","@id":"https:\/\/metal-creator.hr\/#website","url":"https:\/\/metal-creator.hr\/","name":"Metal Creator","description":"Biopergole i \u010deli\u010dna stolarija","publisher":{"@id":"https:\/\/metal-creator.hr\/#organization"},"potentialAction":[{"@type":"SearchAction","target":{"@type":"EntryPoint","urlTemplate":"https:\/\/metal-creator.hr\/?s={search_term_string}"},"query-input":{"@type":"PropertyValueSpecification","valueRequired":true,"valueName":"search_term_string"}}],"inLanguage":"en-US"},{"@type":"Organization","@id":"https:\/\/metal-creator.hr\/#organization","name":"Metal Creator","url":"https:\/\/metal-creator.hr\/","logo":{"@type":"ImageObject","inLanguage":"en-US","@id":"https:\/\/metal-creator.hr\/#\/schema\/logo\/image\/","url":"https:\/\/metal-creator.hr\/wp-content\/uploads\/2024\/05\/MetalCreatorLogo.svg","contentUrl":"https:\/\/metal-creator.hr\/wp-content\/uploads\/2024\/05\/MetalCreatorLogo.svg","width":16054,"height":5665,"caption":"Metal Creator"},"image":{"@id":"https:\/\/metal-creator.hr\/#\/schema\/logo\/image\/"},"sameAs":["https:\/\/web.facebook.com\/metalcreator\/","https:\/\/youtu.be\/jfylS3K-CV4?si=yd_cw-9z9xhotax4","https:\/\/www.instagram.com\/metalcreator_mc"]}]}},"_links":{"self":[{"href":"https:\/\/metal-creator.hr\/en\/wp-json\/wp\/v2\/pages\/1101","targetHints":{"allow":["GET"]}}],"collection":[{"href":"https:\/\/metal-creator.hr\/en\/wp-json\/wp\/v2\/pages"}],"about":[{"href":"https:\/\/metal-creator.hr\/en\/wp-json\/wp\/v2\/types\/page"}],"author":[{"embeddable":true,"href":"https:\/\/metal-creator.hr\/en\/wp-json\/wp\/v2\/users\/1"}],"replies":[{"embeddable":true,"href":"https:\/\/metal-creator.hr\/en\/wp-json\/wp\/v2\/comments?post=1101"}],"version-history":[{"count":0,"href":"https:\/\/metal-creator.hr\/en\/wp-json\/wp\/v2\/pages\/1101\/revisions"}],"wp:attachment":[{"href":"https:\/\/metal-creator.hr\/en\/wp-json\/wp\/v2\/media?parent=1101"}],"curies":[{"name":"wp","href":"https:\/\/api.w.org\/{rel}","templated":true}]}}